{"id":9,"date":"2016-11-05T14:14:07","date_gmt":"2016-11-05T13:14:07","guid":{"rendered":"http:\/\/yachtclub-forchheim.de\/?page_id=9"},"modified":"2025-11-12T12:54:51","modified_gmt":"2025-11-12T11:54:51","slug":"home","status":"publish","type":"page","link":"https:\/\/yachtclub-forchheim.de\/en\/","title":{"rendered":"Home","raw":"Home"},"content":{"rendered":"<p>Welcome to the Yacht Club Forchheim<\/p>\n<p>The Yachtclub Forchheim &#8211; located at Main Donau kilometer 28,36 &#8211; was founded on February 2nd 1969 in Gr\u00e4fenberg and today has 31 member families. In the harbor are 35 mooring areas for small boats and yachts up to 10 tons weight.<\/p>\n<p>Berths for guests, seasonal stays, and passing skippers are available by prior arrangement with the harbor master.<\/p>\n<p>Our club area has a size of ca. 4500 m\u00b2 and is next to the beautiful old Regnitz bridge only a few walking minutes from the romantic and picturesque old city center of Forchheim. Idyllic located on the outskirts of the Franconian Swiss.<\/p>\n<p>We are happy to receive your inquiries and wish all our guests a wonderful and relaxing stay in Forchheim.<\/p>\n<a href=\"https:\/\/yachtclub-forchheim.de\/en\/liegeplatzanfragen\/\" class=\"su-button su-button-style-flat\" style=\"color:#fff;background-color:#162c84;border-color:#12246a;border-radius:7px\" target=\"_self\"><span style=\"color:#fff;padding:0px 20px;font-size:16px;line-height:32px;border-color:#5c6ca9;border-radius:7px;text-shadow:none\"> Requests for a Boat Mooring<\/span><\/a>\n<p>&nbsp;<\/p>\n<p>How to find us:<\/p>\n\n<!-- iframe plugin v.6.0 wordpress.org\/plugins\/iframe\/ -->\n<iframe loading=\"lazy\" style=\"border: 0;\" src=\"https:\/\/www.google.com\/maps\/embed?pb=!1m18!1m12!1m3!1d2579.3284325654995!2d11.04765081594529!3d49.72344364736045!2m3!1f0!2f0!3f0!3m2!1i1024!2i768!4f13.1!3m3!1m2!1s0x47a1ef84ac6a7ab9%3A0xae20c7ae3bbadff5!2sYachtclub+Forchheim+1969+e.V.!5e0!3m2!1sde!2sde!4v1527677079634\" width=\"600\" height=\"450\" frameborder=\"0\" allowfullscreen=\"allowfullscreen\" scrolling=\"yes\" class=\"iframe-class\"><\/iframe>\n\n<p><a href=\"https:\/\/goo.gl\/maps\/VEsyPJ3LQ2v\" target=\"_blank\" rel=\"noopener\">Big Map View<\/a><\/p>\n","protected":false,"raw":"Welcome to the Yacht Club Forchheim\r\n\r\nThe Yachtclub Forchheim - located at Main Donau kilometer 28,36 - was founded on February 2nd 1969 in Gr\u00e4fenberg and today has 31 member families. In the harbor are 35 mooring areas for small boats and yachts up to 10 tons weight.\r\n\r\nBerths for guests, seasonal stays, and passing skippers are available by prior arrangement with the harbor master.\r\n\r\nOur club area has a size of ca. 4500 m\u00b2 and is next to the beautiful old Regnitz bridge only a few walking minutes from the romantic and picturesque old city center of Forchheim. Idyllic located on the outskirts of the Franconian Swiss.\r\n\r\nWe are happy to receive your inquiries and wish all our guests a wonderful and relaxing stay in Forchheim.\r\n\r\n[su_button url=\"https:\/\/yachtclub-forchheim.de\/en\/liegeplatzanfragen\/\" style=\"flat\" background=\"#162c84\" color=\"#fff\" size=\"5\"]Requests for a Boat Mooring[\/su_button]\r\n\r\n&nbsp;\r\n\r\nHow to find us:\r\n\r\n[iframe style=\"border: 0;\" src=\"https:\/\/www.google.com\/maps\/embed?pb=!1m18!1m12!1m3!1d2579.3284325654995!2d11.04765081594529!3d49.72344364736045!2m3!1f0!2f0!3f0!3m2!1i1024!2i768!4f13.1!3m3!1m2!1s0x47a1ef84ac6a7ab9%3A0xae20c7ae3bbadff5!2sYachtclub+Forchheim+1969+e.V.!5e0!3m2!1sde!2sde!4v1527677079634\" width=\"600\" height=\"450\" frameborder=\"0\" allowfullscreen=\"allowfullscreen\"]\r\n\r\n<a href=\"https:\/\/goo.gl\/maps\/VEsyPJ3LQ2v\" target=\"_blank\" rel=\"noopener\">Big Map View<\/a>"},"excerpt":{"rendered":"","protected":false,"raw":""},"author":3,"featured_media":0,"parent":0,"menu_order":0,"comment_status":"closed","ping_status":"closed","template":"","meta":{"colormag_page_container_layout":"no_sidebar_full_width","colormag_page_sidebar_layout":"default_layout","_de_post_content":"Herzlich willkommen im Yachtclub Forchheim\r\n\r\nAm Main Donau-Kilometer 28,36 liegt unser Yachtclub Forchheim, der am 02. Februar 1969 in Gr\u00e4fenberg gegr\u00fcndet wurde und heute 31 Mitgliederfamilien z\u00e4hlt. Der Hafen umfasst heute insgesamt 35 Liegepl\u00e4tze f\u00fcr Sportboote und Yachten bis zu 10 Tonnen Gewicht.\r\n\r\nHiervon stehen 7 G\u00e4ste und Saisonliegepl\u00e4tze sowie f\u00fcr durchreisende Skipper nach Voranmeldung beim Hafenmeister zur Verf\u00fcgung. An den Steganlagen sind Strom und Wasser vorhanden.\r\n\r\nUnser Vereinsgel\u00e4nde hat eine Fl\u00e4che von ca. 4500 m\u00b2 und befindet sich an der wundersch\u00f6nen alten Regnitzbr\u00fccke nur wenige Gehminuten vom romantischen und malerischen alten Stadtkern von Forchheim entfernt. Idyllisch gelegen am Rande der Fr\u00e4nkischen Schweiz.\r\n\r\nWir freuen uns \u00fcber Ihre Anfragen, w\u00fcnschen unseren G\u00e4sten einen sch\u00f6nen und erholsamen Aufenthalt bei uns in Forchheim.\r\n<p style=\"text-align: left;\"><!--ScriptorStartFragment-->[su_button url=\"https:\/\/yachtclub-forchheim.de\/liegeplatzanfragen\" style=\"flat\" background=\"#162c84\" color=\"#fff\" size=\"5\"]Liegeplatzanfragen[\/su_button]<!--ScriptorEndFragment--><\/p>\r\n&nbsp;\r\n\r\nSo finden Sie uns:\r\n\r\n[iframe style=\"border: 0;\" src=\"https:\/\/www.google.com\/maps\/embed?pb=!1m18!1m12!1m3!1d2579.3284325654995!2d11.04765081594529!3d49.72344364736045!2m3!1f0!2f0!3f0!3m2!1i1024!2i768!4f13.1!3m3!1m2!1s0x47a1ef84ac6a7ab9%3A0xae20c7ae3bbadff5!2sYachtclub+Forchheim+1969+e.V.!5e0!3m2!1sde!2sde!4v1527677079634\" width=\"600\" height=\"450\" frameborder=\"0\" allowfullscreen=\"allowfullscreen\"]\r\n\r\n<a href=\"https:\/\/goo.gl\/maps\/VEsyPJ3LQ2v\" target=\"_blank\" rel=\"noopener noreferrer\">Gr\u00f6\u00dfere Kartenansicht<\/a>","_de_post_name":"startseite","_de_post_excerpt":"","_de_post_title":"Startseite","_en_post_content":"Welcome to the Yacht Club Forchheim\r\n\r\nThe Yachtclub Forchheim - located at Main Donau kilometer 28,36 - was founded on February 2nd 1969 in Gr\u00e4fenberg and today has 31 member families. In the harbor are 35 mooring areas for small boats and yachts up to 10 tons weight.\r\n\r\nBerths for guests, seasonal stays, and passing skippers are available by prior arrangement with the harbor master.\r\n\r\nOur club area has a size of ca. 4500 m\u00b2 and is next to the beautiful old Regnitz bridge only a few walking minutes from the romantic and picturesque old city center of Forchheim. Idyllic located on the outskirts of the Franconian Swiss.\r\n\r\nWe are happy to receive your inquiries and wish all our guests a wonderful and relaxing stay in Forchheim.\r\n\r\n[su_button url=\"https:\/\/yachtclub-forchheim.de\/en\/liegeplatzanfragen\/\" style=\"flat\" background=\"#162c84\" color=\"#fff\" size=\"5\"]Requests for a Boat Mooring[\/su_button]\r\n\r\n&nbsp;\r\n\r\nHow to find us:\r\n\r\n[iframe style=\"border: 0;\" src=\"https:\/\/www.google.com\/maps\/embed?pb=!1m18!1m12!1m3!1d2579.3284325654995!2d11.04765081594529!3d49.72344364736045!2m3!1f0!2f0!3f0!3m2!1i1024!2i768!4f13.1!3m3!1m2!1s0x47a1ef84ac6a7ab9%3A0xae20c7ae3bbadff5!2sYachtclub+Forchheim+1969+e.V.!5e0!3m2!1sde!2sde!4v1527677079634\" width=\"600\" height=\"450\" frameborder=\"0\" allowfullscreen=\"allowfullscreen\"]\r\n\r\n<a href=\"https:\/\/goo.gl\/maps\/VEsyPJ3LQ2v\" target=\"_blank\" rel=\"noopener\">Big Map View<\/a>","_en_post_name":"home","_en_post_excerpt":"","_en_post_title":"Home","edit_language":"en","footnotes":""},"class_list":["post-9","page","type-page","status-publish","hentry"],"_links":{"self":[{"href":"https:\/\/yachtclub-forchheim.de\/en\/wp-json\/wp\/v2\/pages\/9","targetHints":{"allow":["GET"]}}],"collection":[{"href":"https:\/\/yachtclub-forchheim.de\/en\/wp-json\/wp\/v2\/pages"}],"about":[{"href":"https:\/\/yachtclub-forchheim.de\/en\/wp-json\/wp\/v2\/types\/page"}],"author":[{"embeddable":true,"href":"https:\/\/yachtclub-forchheim.de\/en\/wp-json\/wp\/v2\/users\/3"}],"replies":[{"embeddable":true,"href":"https:\/\/yachtclub-forchheim.de\/en\/wp-json\/wp\/v2\/comments?post=9"}],"version-history":[{"count":59,"href":"https:\/\/yachtclub-forchheim.de\/en\/wp-json\/wp\/v2\/pages\/9\/revisions"}],"predecessor-version":[{"id":1983,"href":"https:\/\/yachtclub-forchheim.de\/en\/wp-json\/wp\/v2\/pages\/9\/revisions\/1983"}],"wp:attachment":[{"href":"https:\/\/yachtclub-forchheim.de\/en\/wp-json\/wp\/v2\/media?parent=9"}],"curies":[{"name":"wp","href":"https:\/\/api.w.org\/{rel}","templated":true}]}}