{"id":40,"date":"2016-11-05T14:37:09","date_gmt":"2016-11-05T13:37:09","guid":{"rendered":"http:\/\/yachtclub-forchheim.de\/?page_id=40"},"modified":"2026-02-17T10:03:38","modified_gmt":"2026-02-17T09:03:38","slug":"information","status":"publish","type":"page","link":"https:\/\/yachtclub-forchheim.de\/en\/information\/","title":{"rendered":"Information","raw":"Information"},"content":{"rendered":"<p><img loading=\"lazy\" decoding=\"async\" class=\"alignnone size-full wp-image-1926\" src=\"https:\/\/yachtclub-forchheim.de\/wp-content\/uploads\/2025\/11\/topimgage4aneu.jpg\" alt=\"\" width=\"980\" height=\"400\" srcset=\"https:\/\/yachtclub-forchheim.de\/wp-content\/uploads\/2025\/11\/topimgage4aneu.jpg 980w, https:\/\/yachtclub-forchheim.de\/wp-content\/uploads\/2025\/11\/topimgage4aneu-300x122.jpg 300w, https:\/\/yachtclub-forchheim.de\/wp-content\/uploads\/2025\/11\/topimgage4aneu-768x313.jpg 768w\" sizes=\"auto, (max-width: 980px) 100vw, 980px\" \/><\/p>\n<p><strong>Current information for guests: <\/strong><\/p>\n<ul>\n<li><a title=\"Aufnahmeantrag\" href=\"http:\/\/www.yachtclub-forchheim.de\/userfiles\/pdf_extern\/Aufnahmeantrag2023.pdf\" target=\"_blank\" rel=\"noopener noreferrer\">Aufnahmeantrag<\/a><\/li>\n<li><a href=\"https:\/\/yachtclub-forchheim.de\/wp-content\/uploads\/2025\/12\/Gebuehrenordnung_Gaeste-2026.pdf\">Geb\u00fchrenordnung G\u00e4ste 2026<\/a><\/li>\n<\/ul>\n<p><strong> General information:<\/strong><\/p>\n<ul>\n<li><a title=\"Hafenordnung\" href=\"http:\/\/www.yachtclub-forchheim.de\/userfiles\/pdf_intern\/Hafenordnung_2021.pdf\" target=\"_blank\" rel=\"noopener noreferrer\"> Hafenordnung<\/a><\/li>\n<li><a title=\"Schleusenplan Main Donau Kanal\" href=\"http:\/\/www.yachtclub-forchheim.de\/userfiles\/pdf_extern\/Schleusen-Main-Donau-Kanal.pdf\" target=\"_blank\" rel=\"noopener noreferrer\"> Schleusenplan Main Donau Kanal<\/a><\/li>\n<\/ul>\n<p><span class=\"style2\">To view and print the information, you need the free Adobe Reader software. The current version of Adobe Reader can be downloaded by clicking on the icon from the Adobe website.<\/span><span class=\"style1\"><br \/>\n<\/span><a href=\"http:\/\/get.adobe.com\/de\/reader\/\" target=\"_blank\" rel=\"noopener noreferrer\"><img loading=\"lazy\" decoding=\"async\" class=\"alignnone wp-image-256 size-full\" src=\"http:\/\/yachtclub-forchheim.de\/wp-content\/uploads\/2016\/11\/logo_adobe_reader.jpg\" width=\"50\" height=\"50\" \/><\/a><\/p>\n<p><span style=\"border-radius: 2px; text-indent: 20px; width: auto; padding: 0px 4px 0px 0px; text-align: center; font: bold 11px\/20px 'Helvetica Neue',Helvetica,sans-serif; color: #ffffff; background: #bd081c no-repeat scroll 3px 50% \/ 14px 14px; position: absolute; opacity: 1; z-index: 8675309; display: none; cursor: pointer;\">Merken<\/span><\/p>\n","protected":false,"raw":"<img class=\"alignnone size-full wp-image-1926\" src=\"https:\/\/yachtclub-forchheim.de\/wp-content\/uploads\/2025\/11\/topimgage4aneu.jpg\" alt=\"\" width=\"980\" height=\"400\" \/>\r\n\r\n<strong>Current information for guests: <\/strong>\r\n<ul>\r\n \t<li><a title=\"Aufnahmeantrag\" href=\"http:\/\/www.yachtclub-forchheim.de\/userfiles\/pdf_extern\/Aufnahmeantrag2023.pdf\" target=\"_blank\" rel=\"noopener noreferrer\">Aufnahmeantrag<\/a><\/li>\r\n \t<li><a href=\"https:\/\/yachtclub-forchheim.de\/wp-content\/uploads\/2025\/12\/Gebuehrenordnung_Gaeste-2026.pdf\">Geb\u00fchrenordnung G\u00e4ste 2026<\/a><\/li>\r\n<\/ul>\r\n<strong> General information:<\/strong>\r\n<ul>\r\n \t<li><a title=\"Hafenordnung\" href=\"http:\/\/www.yachtclub-forchheim.de\/userfiles\/pdf_intern\/Hafenordnung_2021.pdf\" target=\"_blank\" rel=\"noopener noreferrer\"> Hafenordnung<\/a><\/li>\r\n \t<li><a title=\"Schleusenplan Main Donau Kanal\" href=\"http:\/\/www.yachtclub-forchheim.de\/userfiles\/pdf_extern\/Schleusen-Main-Donau-Kanal.pdf\" target=\"_blank\" rel=\"noopener noreferrer\"> Schleusenplan Main Donau Kanal<\/a><\/li>\r\n<\/ul>\r\n<span class=\"style2\">To view and print the information, you need the free Adobe Reader software. The current version of Adobe Reader can be downloaded by clicking on the icon from the Adobe website.<\/span><span class=\"style1\">\r\n<\/span><a href=\"http:\/\/get.adobe.com\/de\/reader\/\" target=\"_blank\" rel=\"noopener noreferrer\"><img class=\"alignnone wp-image-256 size-full\" src=\"http:\/\/yachtclub-forchheim.de\/wp-content\/uploads\/2016\/11\/logo_adobe_reader.jpg\" width=\"50\" height=\"50\" \/><\/a>\r\n\r\n<span style=\"border-radius: 2px; text-indent: 20px; width: auto; padding: 0px 4px 0px 0px; text-align: center; font: bold 11px\/20px 'Helvetica Neue',Helvetica,sans-serif; color: #ffffff; background: #bd081c no-repeat scroll 3px 50% \/ 14px 14px; position: absolute; opacity: 1; z-index: 8675309; display: none; cursor: pointer;\">Merken<\/span>"},"excerpt":{"rendered":"","protected":false,"raw":""},"author":3,"featured_media":0,"parent":0,"menu_order":0,"comment_status":"closed","ping_status":"closed","template":"","meta":{"colormag_page_container_layout":"default_layout","colormag_page_sidebar_layout":"default_layout","_de_post_content":"<img class=\"alignnone size-full wp-image-1926\" src=\"https:\/\/yachtclub-forchheim.de\/wp-content\/uploads\/2025\/11\/topimgage4aneu.jpg\" alt=\"\" width=\"980\" height=\"400\" \/>\r\n\r\n<strong>Aktuelle Informationen f\u00fcr Club Mitglieder: <\/strong>\r\n<ul>\r\n \t<li><a href=\"https:\/\/yachtclub-forchheim.de\/wp-content\/uploads\/2025\/12\/Veranstaltungsinformation-2026.pdf\">Veranstaltungsinformationen 2026<\/a><\/li>\r\n \t<li><a href=\"https:\/\/yachtclub-forchheim.de\/wp-content\/uploads\/2026\/02\/Gebuehrenordnung-Mitglieder-2026.pdf\">Geb\u00fchrenordnung Mitglieder 2026<\/a><\/li>\r\n<\/ul>\r\n<strong>Aktuelle Informationen f\u00fcr G\u00e4ste:<\/strong>\r\n<ul>\r\n \t<li><a title=\"Aufnahmeantrag\" href=\"http:\/\/www.yachtclub-forchheim.de\/userfiles\/pdf_extern\/Aufnahmeantrag2023.pdf\" target=\"_blank\" rel=\"noopener noreferrer\">Aufnahmeantrag<\/a><\/li>\r\n \t<li><a href=\"https:\/\/yachtclub-forchheim.de\/wp-content\/uploads\/2025\/12\/Gebuehrenordnung_Gaeste-2026.pdf\">Geb\u00fchrenordnung G\u00e4ste 2026<\/a><\/li>\r\n<\/ul>\r\n<strong>\u00dcbersichtspl\u00e4ne:<\/strong>\r\n<ul>\r\n \t<li><a title=\"Stegbelegungsplan\" href=\"http:\/\/www.yachtclub-forchheim.de\/userfiles\/pdf_extern\/Hafen-Skizze Hafenseite.pdf\" target=\"_blank\" rel=\"noopener noreferrer\">Hafen-Skizze<\/a><\/li>\r\n<\/ul>\r\n<strong>Allgemeine Informationen:<\/strong>\r\n<ul>\r\n \t<li><a title=\"Hafenordnung\" href=\"http:\/\/www.yachtclub-forchheim.de\/userfiles\/pdf_intern\/Hafenordnung_2021.pdf\" target=\"_blank\" rel=\"noopener noreferrer\"> Hafenordnung<\/a><\/li>\r\n \t<li><a title=\"Erfolgreicher Erste Hilfe Lehrgang im Yachtclub Forchheim\" href=\"http:\/\/www.yachtclub-forchheim.de\/userfiles\/pdf_extern\/ErsteHilfeLehrgang.pdf\" target=\"_blank\" rel=\"noopener noreferrer\"> Erfolgreicher Erste Hilfe Lehrgang im Yachtclub Forchheim<\/a><\/li>\r\n \t<li><a title=\"Verwendung von E 10 bei Mercury Marine Motoren\" href=\"http:\/\/www.yachtclub-forchheim.de\/userfiles\/pdf_extern\/E10.pdf\" target=\"_blank\" rel=\"noopener noreferrer\"> Verwendung von E 10 bei Mercury Marine Motoren<\/a><\/li>\r\n \t<li><a title=\"Aktuelle \u00c4nderungen der Deckungssummen f\u00fcr Italien\" href=\"http:\/\/www.yachtclub-forchheim.de\/userfiles\/pdf_extern\/Haftpflicht_Italien.pdf\" target=\"_blank\" rel=\"noopener noreferrer\"> Aktuelle \u00c4nderungen der Deckungssummen f\u00fcr Italien<\/a><\/li>\r\n \t<li><a title=\"Schleusenplan Main Donau Kanal\" href=\"http:\/\/www.yachtclub-forchheim.de\/userfiles\/pdf_extern\/Schleusen-Main-Donau-Kanal.pdf\" target=\"_blank\" rel=\"noopener noreferrer\"> Schleusenplan Main Donau Kanal<\/a><\/li>\r\n \t<li><a title=\"Knotentafel\" href=\"http:\/\/www.gatti.de\/knoten\/knoten-pa.htm#\" target=\"_blank\" rel=\"noopener noreferrer\"> Knotentafel, zum \u00dcben f\u00fcr die Pr\u00fcfungen<\/a><\/li>\r\n<\/ul>\r\n<span class=\"style2\">Zur Anzeige und zum Ausdrucken der Informationen ben\u00f6tigen Sie die kostenlose und lizenzfreie Software Adobe Reader. Die aktuelle Version des Adobe Readers k\u00f6nnen Sie sich durch Klicken auf das Symbol von der Adobe-Seite herunterladen.<\/span><span class=\"style1\">\r\n<\/span><a href=\"http:\/\/get.adobe.com\/de\/reader\/\" target=\"_blank\" rel=\"noopener noreferrer\"><img class=\"alignnone wp-image-256 size-full\" src=\"http:\/\/yachtclub-forchheim.de\/wp-content\/uploads\/2016\/11\/logo_adobe_reader.jpg\" width=\"50\" height=\"50\" \/><\/a>\r\n\r\n<span style=\"border-radius: 2px; text-indent: 20px; width: auto; padding: 0px 4px 0px 0px; text-align: center; font: bold 11px\/20px 'Helvetica Neue',Helvetica,sans-serif; color: #ffffff; background: #bd081c no-repeat scroll 3px 50% \/ 14px 14px; position: absolute; opacity: 1; z-index: 8675309; display: none; cursor: pointer;\">Merken<\/span>\r\n\r\n<span style=\"border-radius: 2px; text-indent: 20px; width: auto; padding: 0px 4px 0px 0px; text-align: center; font: bold 11px\/20px 'Helvetica Neue',Helvetica,sans-serif; color: #ffffff; background: #bd081c no-repeat scroll 3px 50% \/ 14px 14px; position: absolute; opacity: 1; z-index: 8675309; display: none; cursor: pointer;\">Merken<\/span>","_de_post_name":"informationen","_de_post_excerpt":"","_de_post_title":"Informationen","_en_post_content":"<img class=\"alignnone size-full wp-image-1926\" src=\"https:\/\/yachtclub-forchheim.de\/wp-content\/uploads\/2025\/11\/topimgage4aneu.jpg\" alt=\"\" width=\"980\" height=\"400\" \/>\r\n\r\n<strong>Current information for guests: <\/strong>\r\n<ul>\r\n \t<li><a title=\"Aufnahmeantrag\" href=\"http:\/\/www.yachtclub-forchheim.de\/userfiles\/pdf_extern\/Aufnahmeantrag2023.pdf\" target=\"_blank\" rel=\"noopener noreferrer\">Aufnahmeantrag<\/a><\/li>\r\n \t<li><a href=\"https:\/\/yachtclub-forchheim.de\/wp-content\/uploads\/2025\/12\/Gebuehrenordnung_Gaeste-2026.pdf\">Geb\u00fchrenordnung G\u00e4ste 2026<\/a><\/li>\r\n<\/ul>\r\n<strong> General information:<\/strong>\r\n<ul>\r\n \t<li><a title=\"Hafenordnung\" href=\"http:\/\/www.yachtclub-forchheim.de\/userfiles\/pdf_intern\/Hafenordnung_2021.pdf\" target=\"_blank\" rel=\"noopener noreferrer\"> Hafenordnung<\/a><\/li>\r\n \t<li><a title=\"Schleusenplan Main Donau Kanal\" href=\"http:\/\/www.yachtclub-forchheim.de\/userfiles\/pdf_extern\/Schleusen-Main-Donau-Kanal.pdf\" target=\"_blank\" rel=\"noopener noreferrer\"> Schleusenplan Main Donau Kanal<\/a><\/li>\r\n<\/ul>\r\n<span class=\"style2\">To view and print the information, you need the free Adobe Reader software. The current version of Adobe Reader can be downloaded by clicking on the icon from the Adobe website.<\/span><span class=\"style1\">\r\n<\/span><a href=\"http:\/\/get.adobe.com\/de\/reader\/\" target=\"_blank\" rel=\"noopener noreferrer\"><img class=\"alignnone wp-image-256 size-full\" src=\"http:\/\/yachtclub-forchheim.de\/wp-content\/uploads\/2016\/11\/logo_adobe_reader.jpg\" width=\"50\" height=\"50\" \/><\/a>\r\n\r\n<span style=\"border-radius: 2px; text-indent: 20px; width: auto; padding: 0px 4px 0px 0px; text-align: center; font: bold 11px\/20px 'Helvetica Neue',Helvetica,sans-serif; color: #ffffff; background: #bd081c no-repeat scroll 3px 50% \/ 14px 14px; position: absolute; opacity: 1; z-index: 8675309; display: none; cursor: pointer;\">Merken<\/span>","_en_post_name":"information","_en_post_excerpt":"","_en_post_title":"Information","edit_language":"en","footnotes":""},"class_list":["post-40","page","type-page","status-publish","hentry"],"_links":{"self":[{"href":"https:\/\/yachtclub-forchheim.de\/en\/wp-json\/wp\/v2\/pages\/40","targetHints":{"allow":["GET"]}}],"collection":[{"href":"https:\/\/yachtclub-forchheim.de\/en\/wp-json\/wp\/v2\/pages"}],"about":[{"href":"https:\/\/yachtclub-forchheim.de\/en\/wp-json\/wp\/v2\/types\/page"}],"author":[{"embeddable":true,"href":"https:\/\/yachtclub-forchheim.de\/en\/wp-json\/wp\/v2\/users\/3"}],"replies":[{"embeddable":true,"href":"https:\/\/yachtclub-forchheim.de\/en\/wp-json\/wp\/v2\/comments?post=40"}],"version-history":[{"count":55,"href":"https:\/\/yachtclub-forchheim.de\/en\/wp-json\/wp\/v2\/pages\/40\/revisions"}],"predecessor-version":[{"id":2039,"href":"https:\/\/yachtclub-forchheim.de\/en\/wp-json\/wp\/v2\/pages\/40\/revisions\/2039"}],"wp:attachment":[{"href":"https:\/\/yachtclub-forchheim.de\/en\/wp-json\/wp\/v2\/media?parent=40"}],"curies":[{"name":"wp","href":"https:\/\/api.w.org\/{rel}","templated":true}]}}