{"id":37,"date":"2016-11-05T14:35:10","date_gmt":"2016-11-05T13:35:10","guid":{"rendered":"http:\/\/yachtclub-forchheim.de\/?page_id=37"},"modified":"2025-11-12T09:50:56","modified_gmt":"2025-11-12T08:50:56","slug":"links","status":"publish","type":"page","link":"https:\/\/yachtclub-forchheim.de\/en\/links\/","title":{"rendered":"","raw":""},"content":{"rendered":"<p><img loading=\"lazy\" decoding=\"async\" class=\"alignnone size-full wp-image-1948\" src=\"https:\/\/yachtclub-forchheim.de\/wp-content\/uploads\/2025\/11\/topimgage6aneu.jpg\" alt=\"\" width=\"980\" height=\"400\" srcset=\"https:\/\/yachtclub-forchheim.de\/wp-content\/uploads\/2025\/11\/topimgage6aneu.jpg 980w, https:\/\/yachtclub-forchheim.de\/wp-content\/uploads\/2025\/11\/topimgage6aneu-300x122.jpg 300w, https:\/\/yachtclub-forchheim.de\/wp-content\/uploads\/2025\/11\/topimgage6aneu-768x313.jpg 768w\" sizes=\"auto, (max-width: 980px) 100vw, 980px\" \/><\/p>\n<p><strong>Organizations:<\/strong><\/p>\n<ul>\n<li type=\"circle\"><a href=\"http:\/\/www.dmyv.de\/\" target=\"_blank\" rel=\"noopener\">Deutscher Motor Yachtverband <\/a><\/li>\n<li type=\"circle\"><a href=\"http:\/\/www.bmyv.de\/\" target=\"_blank\" rel=\"noopener\">Bayerischer Motor Yachtverband<\/a><\/li>\n<\/ul>\n<p><strong>Aid organization on water:<\/strong><\/p>\n<ul>\n<li type=\"circle\"><a href=\"http:\/\/www.wasserwacht-forchheim.de\/\" target=\"_blank\" rel=\"noopener\">Wasserwacht Forchheim <\/a><\/li>\n<li type=\"circle\"><a href=\"http:\/\/www.thw-forchheim.de\/index.php\/\" target=\"_blank\" rel=\"noopener\">THW Forchheim<\/a><\/li>\n<li type=\"circle\"><a href=\"http:\/\/www.polizei.bayern.de\/oberfranken\/wir\/aufgaben\/dienststellen\/index.html\/111513\" target=\"_blank\" rel=\"noopener\">Wasserschutzpolizei Bamberg<\/a><\/li>\n<\/ul>\n<p><strong>District information:<\/strong><\/p>\n<ul>\n<li type=\"circle\"><span id=\"search0\"> <a href=\"http:\/\/www.elwis.de\" target=\"_blank\" rel=\"noopener\"> Elektronischer Wasserstra\u00dfen-Informationsservice (ELWIS)<\/a><\/span><\/li>\n<li type=\"circle\"><a href=\"http:\/\/www.easyais.de\/schiffe_live.php\" target=\"_blank\" rel=\"noopener\"> AIS Automatisches Identifikationssystem &#8211; Schiffe in unserer Umgebung<\/a><\/li>\n<\/ul>\n<p><strong>Highlights in the surroundings:<\/strong><\/p>\n<ul>\n<li type=\"circle\"><a href=\"http:\/\/www.forchheim.de\/\" target=\"_blank\" rel=\"noopener\">Stadt Forchheim <\/a><\/li>\n<li type=\"circle\"><a href=\"http:\/\/www.fraenkische-schweiz.com\/\" target=\"_blank\" rel=\"noopener\">Fr\u00e4nkische Schweiz<\/a><\/li>\n<\/ul>\n<p><strong>Our suggestion:<\/strong><\/p>\n<ul>\n<li type=\"circle\"><a href=\"https:\/\/www.ht-motors.de\"><img loading=\"lazy\" decoding=\"async\" class=\"alignnone wp-image-1945\" src=\"https:\/\/yachtclub-forchheim.de\/wp-content\/uploads\/2025\/11\/logo-ht-marine-service.png\" alt=\"\" width=\"152\" height=\"30\" srcset=\"https:\/\/yachtclub-forchheim.de\/wp-content\/uploads\/2025\/11\/logo-ht-marine-service.png 360w, https:\/\/yachtclub-forchheim.de\/wp-content\/uploads\/2025\/11\/logo-ht-marine-service-300x59.png 300w\" sizes=\"auto, (max-width: 152px) 100vw, 152px\" \/><\/a><br \/>\nBoote-Service \u2013 Mobiler Werkstattservice &#8211; Wartung\/ Pflege \u2013 Kundendienst<br \/>\nReparaturen &#8211; Ersatzteile \u2013 Zubeh\u00f6r<\/li>\n<li type=\"circle\"><strong>Anh\u00e4ngervermietung und Transportservice Boote und G\u00fctertransport<br \/>\n<\/strong>Kofferanh\u00e4nger bis 3,5 to \u2013 Laderaum L= 4,10 mtr. \/ B =1,85mtr. \/ H = 2,05 mtr.<br \/>\nEiltransporte innerh. 12 Stunden Deutschland \/ \u00d6sterreich \/ Italien<br \/>\nBootstransporte auf eigenem Trailer bis 3,6 to innerh. D, \u00d6sterreich, Italien, Holland<br \/>\nEmail: <a href=\"mailto:info@agentur-leimeister.de\">info@agentur-leimeister.de<\/a> Mobil: + 49 175 &#8211; 24 800 90<\/li>\n<li type=\"circle\"><strong>DE Design \u2013 Autosattlerei<\/strong>, hochwertige Bootsverdecke, Bimini, Camperverdecke,<br \/>\nAbdeckplanen &amp; Sonderanfertigungen<br \/>\n96148 Baunach Bayern, Tel. +49 160 &#8211; 90340259<\/li>\n<li type=\"circle\">Diese Seiten wurden von <a href=\"https:\/\/plastes.de\" target=\"_blank\" rel=\"noopener\">plastes.de<\/a>, Kai Erich Truth erstellt.<\/li>\n<\/ul>\n<p><strong>For all links:<\/strong><\/p>\n<p>We declare that we have no influence on the design and content of linked pages. Therefore, we dissociate ourselves from all contents of all linked pages on our internet presence, and we do not adopt. This declaration applies to all links on our site and to all contents of pages to which the links may also indirectly lead.<\/p>\n<p>&nbsp;<\/p>\n","protected":false,"raw":"<img class=\"alignnone size-full wp-image-1948\" src=\"https:\/\/yachtclub-forchheim.de\/wp-content\/uploads\/2025\/11\/topimgage6aneu.jpg\" alt=\"\" width=\"980\" height=\"400\" \/>\r\n\r\n<strong>Organizations:<\/strong>\r\n<ul>\r\n \t<li type=\"circle\"><a href=\"http:\/\/www.dmyv.de\/\" target=\"_blank\" rel=\"noopener\">Deutscher Motor Yachtverband <\/a><\/li>\r\n \t<li type=\"circle\"><a href=\"http:\/\/www.bmyv.de\/\" target=\"_blank\" rel=\"noopener\">Bayerischer Motor Yachtverband<\/a><\/li>\r\n<\/ul>\r\n<strong>Aid organization on water:<\/strong>\r\n<ul>\r\n \t<li type=\"circle\"><a href=\"http:\/\/www.wasserwacht-forchheim.de\/\" target=\"_blank\" rel=\"noopener\">Wasserwacht Forchheim <\/a><\/li>\r\n \t<li type=\"circle\"><a href=\"http:\/\/www.thw-forchheim.de\/index.php\/\" target=\"_blank\" rel=\"noopener\">THW Forchheim<\/a><\/li>\r\n \t<li type=\"circle\"><a href=\"http:\/\/www.polizei.bayern.de\/oberfranken\/wir\/aufgaben\/dienststellen\/index.html\/111513\" target=\"_blank\" rel=\"noopener\">Wasserschutzpolizei Bamberg<\/a><\/li>\r\n<\/ul>\r\n<strong>District information:<\/strong>\r\n<ul>\r\n \t<li type=\"circle\"><span id=\"search0\"> <a href=\"http:\/\/www.elwis.de\" target=\"_blank\" rel=\"noopener\"> Elektronischer Wasserstra\u00dfen-Informationsservice (ELWIS)<\/a><\/span><\/li>\r\n \t<li type=\"circle\"><a href=\"http:\/\/www.easyais.de\/schiffe_live.php\" target=\"_blank\" rel=\"noopener\"> AIS Automatisches Identifikationssystem - Schiffe in unserer Umgebung<\/a><\/li>\r\n<\/ul>\r\n<strong>Highlights in the surroundings:<\/strong>\r\n<ul>\r\n \t<li type=\"circle\"><a href=\"http:\/\/www.forchheim.de\/\" target=\"_blank\" rel=\"noopener\">Stadt Forchheim <\/a><\/li>\r\n \t<li type=\"circle\"><a href=\"http:\/\/www.fraenkische-schweiz.com\/\" target=\"_blank\" rel=\"noopener\">Fr\u00e4nkische Schweiz<\/a><\/li>\r\n<\/ul>\r\n<strong>Our suggestion:<\/strong>\r\n<ul>\r\n \t<li type=\"circle\"><a href=\"https:\/\/www.ht-motors.de\"><img class=\"alignnone wp-image-1945\" src=\"https:\/\/yachtclub-forchheim.de\/wp-content\/uploads\/2025\/11\/logo-ht-marine-service.png\" alt=\"\" width=\"152\" height=\"30\" \/><\/a>\r\nBoote-Service \u2013 Mobiler Werkstattservice - Wartung\/ Pflege \u2013 Kundendienst\r\nReparaturen - Ersatzteile \u2013 Zubeh\u00f6r<\/li>\r\n \t<li type=\"circle\"><strong>Anh\u00e4ngervermietung und Transportservice Boote und G\u00fctertransport\r\n<\/strong>Kofferanh\u00e4nger bis 3,5 to \u2013 Laderaum L= 4,10 mtr. \/ B =1,85mtr. \/ H = 2,05 mtr.\r\nEiltransporte innerh. 12 Stunden Deutschland \/ \u00d6sterreich \/ Italien\r\nBootstransporte auf eigenem Trailer bis 3,6 to innerh. D, \u00d6sterreich, Italien, Holland\r\nEmail: <a href=\"mailto:info@agentur-leimeister.de\">info@agentur-leimeister.de<\/a> Mobil: + 49 175 - 24 800 90<\/li>\r\n \t<li type=\"circle\"><strong>DE Design \u2013 Autosattlerei<\/strong>, hochwertige Bootsverdecke, Bimini, Camperverdecke,\r\nAbdeckplanen &amp; Sonderanfertigungen\r\n96148 Baunach Bayern, Tel. +49 160 - 90340259<\/li>\r\n \t<li type=\"circle\">Diese Seiten wurden von <a href=\"https:\/\/plastes.de\" target=\"_blank\" rel=\"noopener\">plastes.de<\/a>, Kai Erich Truth erstellt.<\/li>\r\n<\/ul>\r\n<strong>For all links:<\/strong>\r\n\r\nWe declare that we have no influence on the design and content of linked pages. Therefore, we dissociate ourselves from all contents of all linked pages on our internet presence, and we do not adopt. This declaration applies to all links on our site and to all contents of pages to which the links may also indirectly lead.\r\n\r\n&nbsp;"},"excerpt":{"rendered":"","protected":false,"raw":""},"author":3,"featured_media":0,"parent":0,"menu_order":0,"comment_status":"closed","ping_status":"closed","template":"","meta":{"colormag_page_container_layout":"default_layout","colormag_page_sidebar_layout":"default_layout","_de_post_content":"<img class=\"alignnone size-full wp-image-1948\" src=\"https:\/\/yachtclub-forchheim.de\/wp-content\/uploads\/2025\/11\/topimgage6aneu.jpg\" alt=\"\" width=\"980\" height=\"400\" \/>\r\n\r\n<strong>Verb\u00e4nde:<\/strong>\r\n<ul>\r\n \t<li type=\"circle\"><a href=\"http:\/\/www.dmyv.de\/\" target=\"_blank\" rel=\"noopener\">Deutscher Motor Yachtverband <\/a><\/li>\r\n \t<li type=\"circle\"><a href=\"http:\/\/www.bmyv.de\/\" target=\"_blank\" rel=\"noopener\">Bayerischer Motor Yachtverband<\/a><\/li>\r\n<\/ul>\r\n<strong>Hilfsorganisationen zu Wasser:<\/strong>\r\n<ul>\r\n \t<li type=\"circle\"><a href=\"http:\/\/www.wasserwacht-forchheim.de\/\" target=\"_blank\" rel=\"noopener\">Wasserwacht Forchheim <\/a><\/li>\r\n \t<li type=\"circle\"><a href=\"http:\/\/www.thw-forchheim.de\/index.php\/\" target=\"_blank\" rel=\"noopener\">THW Forchheim<\/a><\/li>\r\n \t<li type=\"circle\"><a href=\"http:\/\/www.polizei.bayern.de\/oberfranken\/wir\/aufgaben\/dienststellen\/index.html\/111513\" target=\"_blank\" rel=\"noopener\">Wasserschutzpolizei Bamberg<\/a><\/li>\r\n<\/ul>\r\n<strong>Revierinformationen:<\/strong>\r\n<ul>\r\n \t<li type=\"circle\"><span id=\"search0\"> <a href=\"http:\/\/www.elwis.de\" target=\"_blank\" rel=\"noopener\"> Elektronischer Wasserstra\u00dfen-Informationsservice (ELWIS)<\/a><\/span><\/li>\r\n \t<li type=\"circle\"><a href=\"http:\/\/www.easyais.de\/schiffe_live.php\" target=\"_blank\" rel=\"noopener\"> AIS Automatisches Identifikationssystem<\/a><a href=\"http:\/\/www.easyais.de\/schiffe_live.php\" target=\"_blank\" rel=\"noopener\"> - Schiffe in unserer Umgebung<\/a><\/li>\r\n<\/ul>\r\n<strong>Interessantes in der Umgebung:<\/strong>\r\n<ul>\r\n \t<li type=\"circle\"><a href=\"http:\/\/www.forchheim.de\/\" target=\"_blank\" rel=\"noopener\">Stadt Forchheim <\/a><\/li>\r\n \t<li type=\"circle\"><a href=\"http:\/\/www.fraenkische-schweiz.com\/\" target=\"_blank\" rel=\"noopener\">Fr\u00e4nkische Schweiz<\/a><\/li>\r\n<\/ul>\r\n<strong>Unsere Empfehlungen:<\/strong>\r\n<ul>\r\n \t<li type=\"circle\"><a href=\"https:\/\/www.ht-motors.de\"><img class=\"alignnone wp-image-1945\" src=\"https:\/\/yachtclub-forchheim.de\/wp-content\/uploads\/2025\/11\/logo-ht-marine-service.png\" alt=\"\" width=\"152\" height=\"30\" \/><\/a>\r\nBoote-Service \u2013 Mobiler Werkstattservice - Wartung\/ Pflege \u2013 Kundendienst\r\nReparaturen - Ersatzteile \u2013 Zubeh\u00f6r<\/li>\r\n \t<li type=\"circle\"><strong>Anh\u00e4ngervermietung und Transportservice Boote und G\u00fctertransport\r\n<\/strong>Kofferanh\u00e4nger bis 3,5 to \u2013 Laderaum L= 4,10 mtr. \/ B =1,85mtr. \/ H = 2,05 mtr.\r\nEiltransporte innerh. 12 Stunden Deutschland \/ \u00d6sterreich \/ Italien\r\nBootstransporte auf eigenem Trailer bis 3,6 to innerh. D, \u00d6sterreich, Italien, Holland\r\nEmail: <a href=\"mailto:info@agentur-leimeister.de\">info@agentur-leimeister.de<\/a> Mobil: + 49 175 - 24 800 90<\/li>\r\n \t<li type=\"circle\"><strong>DE Design \u2013 Autosattlerei<\/strong>, hochwertige Bootsverdecke, Bimini, Camperverdecke,\r\nAbdeckplanen &amp; Sonderanfertigungen\r\n96148 Baunach Bayern, Tel. +49 160 - 90340259<\/li>\r\n \t<li type=\"circle\">Diese Seiten wurden von <a href=\"https:\/\/plastes.de\" target=\"_blank\" rel=\"noopener\">plastes.de<\/a>, Kai Erich Truth erstellt.<\/li>\r\n<\/ul>\r\n<strong>F\u00fcr alle Links gilt:<\/strong>\r\n\r\nWir erkl\u00e4ren ausdr\u00fccklich, dass wir keinerlei Einfluss auf die Gestaltung und die Inhalte der verlinkten Seiten haben. Deshalb distanzieren wir uns hiermit ausdr\u00fccklich von allen Inhalten aller verlinkten Seiten auf unserer Internetpr\u00e4senz und machen uns diese Inhalte nicht zu eigen. Diese Erkl\u00e4rung gilt f\u00fcr alle auf unserer Site angezeigten Links und f\u00fcr alle Inhalte der Seiten, zu denen die Links, evtl. auch indirekt, f\u00fchren.\r\n\r\n&nbsp;\r\n\r\n<span style=\"border-radius: 2px; text-indent: 20px; width: auto; padding: 0px 4px 0px 0px; text-align: center; font: bold 11px\/20px 'Helvetica Neue',Helvetica,sans-serif; color: #ffffff; background: #bd081c no-repeat scroll 3px 50% \/ 14px 14px; position: absolute; opacity: 1; z-index: 8675309; display: none; cursor: pointer;\">Merken<\/span>","_de_post_name":"links","_de_post_excerpt":"","_de_post_title":"Links","_en_post_content":"<img class=\"alignnone size-full wp-image-1948\" src=\"https:\/\/yachtclub-forchheim.de\/wp-content\/uploads\/2025\/11\/topimgage6aneu.jpg\" alt=\"\" width=\"980\" height=\"400\" \/>\r\n\r\n<strong>Organizations:<\/strong>\r\n<ul>\r\n \t<li type=\"circle\"><a href=\"http:\/\/www.dmyv.de\/\" target=\"_blank\" rel=\"noopener\">Deutscher Motor Yachtverband <\/a><\/li>\r\n \t<li type=\"circle\"><a href=\"http:\/\/www.bmyv.de\/\" target=\"_blank\" rel=\"noopener\">Bayerischer Motor Yachtverband<\/a><\/li>\r\n<\/ul>\r\n<strong>Aid organization on water:<\/strong>\r\n<ul>\r\n \t<li type=\"circle\"><a href=\"http:\/\/www.wasserwacht-forchheim.de\/\" target=\"_blank\" rel=\"noopener\">Wasserwacht Forchheim <\/a><\/li>\r\n \t<li type=\"circle\"><a href=\"http:\/\/www.thw-forchheim.de\/index.php\/\" target=\"_blank\" rel=\"noopener\">THW Forchheim<\/a><\/li>\r\n \t<li type=\"circle\"><a href=\"http:\/\/www.polizei.bayern.de\/oberfranken\/wir\/aufgaben\/dienststellen\/index.html\/111513\" target=\"_blank\" rel=\"noopener\">Wasserschutzpolizei Bamberg<\/a><\/li>\r\n<\/ul>\r\n<strong>District information:<\/strong>\r\n<ul>\r\n \t<li type=\"circle\"><span id=\"search0\"> <a href=\"http:\/\/www.elwis.de\" target=\"_blank\" rel=\"noopener\"> Elektronischer Wasserstra\u00dfen-Informationsservice (ELWIS)<\/a><\/span><\/li>\r\n \t<li type=\"circle\"><a href=\"http:\/\/www.easyais.de\/schiffe_live.php\" target=\"_blank\" rel=\"noopener\"> AIS Automatisches Identifikationssystem - Schiffe in unserer Umgebung<\/a><\/li>\r\n<\/ul>\r\n<strong>Highlights in the surroundings:<\/strong>\r\n<ul>\r\n \t<li type=\"circle\"><a href=\"http:\/\/www.forchheim.de\/\" target=\"_blank\" rel=\"noopener\">Stadt Forchheim <\/a><\/li>\r\n \t<li type=\"circle\"><a href=\"http:\/\/www.fraenkische-schweiz.com\/\" target=\"_blank\" rel=\"noopener\">Fr\u00e4nkische Schweiz<\/a><\/li>\r\n<\/ul>\r\n<strong>Our suggestion:<\/strong>\r\n<ul>\r\n \t<li type=\"circle\"><a href=\"https:\/\/www.ht-motors.de\"><img class=\"alignnone wp-image-1945\" src=\"https:\/\/yachtclub-forchheim.de\/wp-content\/uploads\/2025\/11\/logo-ht-marine-service.png\" alt=\"\" width=\"152\" height=\"30\" \/><\/a>\r\nBoote-Service \u2013 Mobiler Werkstattservice - Wartung\/ Pflege \u2013 Kundendienst\r\nReparaturen - Ersatzteile \u2013 Zubeh\u00f6r<\/li>\r\n \t<li type=\"circle\"><strong>Anh\u00e4ngervermietung und Transportservice Boote und G\u00fctertransport\r\n<\/strong>Kofferanh\u00e4nger bis 3,5 to \u2013 Laderaum L= 4,10 mtr. \/ B =1,85mtr. \/ H = 2,05 mtr.\r\nEiltransporte innerh. 12 Stunden Deutschland \/ \u00d6sterreich \/ Italien\r\nBootstransporte auf eigenem Trailer bis 3,6 to innerh. D, \u00d6sterreich, Italien, Holland\r\nEmail: <a href=\"mailto:info@agentur-leimeister.de\">info@agentur-leimeister.de<\/a> Mobil: + 49 175 - 24 800 90<\/li>\r\n \t<li type=\"circle\"><strong>DE Design \u2013 Autosattlerei<\/strong>, hochwertige Bootsverdecke, Bimini, Camperverdecke,\r\nAbdeckplanen &amp; Sonderanfertigungen\r\n96148 Baunach Bayern, Tel. +49 160 - 90340259<\/li>\r\n \t<li type=\"circle\">Diese Seiten wurden von <a href=\"https:\/\/plastes.de\" target=\"_blank\" rel=\"noopener\">plastes.de<\/a>, Kai Erich Truth erstellt.<\/li>\r\n<\/ul>\r\n<strong>For all links:<\/strong>\r\n\r\nWe declare that we have no influence on the design and content of linked pages. Therefore, we dissociate ourselves from all contents of all linked pages on our internet presence, and we do not adopt. This declaration applies to all links on our site and to all contents of pages to which the links may also indirectly lead.\r\n\r\n&nbsp;","_en_post_name":"links","_en_post_excerpt":"","_en_post_title":"","edit_language":"en","footnotes":""},"class_list":["post-37","page","type-page","status-publish","hentry"],"_links":{"self":[{"href":"https:\/\/yachtclub-forchheim.de\/en\/wp-json\/wp\/v2\/pages\/37","targetHints":{"allow":["GET"]}}],"collection":[{"href":"https:\/\/yachtclub-forchheim.de\/en\/wp-json\/wp\/v2\/pages"}],"about":[{"href":"https:\/\/yachtclub-forchheim.de\/en\/wp-json\/wp\/v2\/types\/page"}],"author":[{"embeddable":true,"href":"https:\/\/yachtclub-forchheim.de\/en\/wp-json\/wp\/v2\/users\/3"}],"replies":[{"embeddable":true,"href":"https:\/\/yachtclub-forchheim.de\/en\/wp-json\/wp\/v2\/comments?post=37"}],"version-history":[{"count":14,"href":"https:\/\/yachtclub-forchheim.de\/en\/wp-json\/wp\/v2\/pages\/37\/revisions"}],"predecessor-version":[{"id":1949,"href":"https:\/\/yachtclub-forchheim.de\/en\/wp-json\/wp\/v2\/pages\/37\/revisions\/1949"}],"wp:attachment":[{"href":"https:\/\/yachtclub-forchheim.de\/en\/wp-json\/wp\/v2\/media?parent=37"}],"curies":[{"name":"wp","href":"https:\/\/api.w.org\/{rel}","templated":true}]}}