{"id":29,"date":"2016-11-05T14:30:08","date_gmt":"2016-11-05T13:30:08","guid":{"rendered":"http:\/\/yachtclub-forchheim.de\/?page_id=29"},"modified":"2025-11-12T10:03:23","modified_gmt":"2025-11-12T09:03:23","slug":"impressum","status":"publish","type":"page","link":"https:\/\/yachtclub-forchheim.de\/en\/impressum\/","title":{"rendered":"Imprint","raw":"Imprint"},"content":{"rendered":"<p><img loading=\"lazy\" decoding=\"async\" class=\"alignnone size-full wp-image-1950\" src=\"https:\/\/yachtclub-forchheim.de\/wp-content\/uploads\/2025\/11\/topimgage7aneu.jpg\" alt=\"\" width=\"980\" height=\"400\" srcset=\"https:\/\/yachtclub-forchheim.de\/wp-content\/uploads\/2025\/11\/topimgage7aneu.jpg 980w, https:\/\/yachtclub-forchheim.de\/wp-content\/uploads\/2025\/11\/topimgage7aneu-300x122.jpg 300w, https:\/\/yachtclub-forchheim.de\/wp-content\/uploads\/2025\/11\/topimgage7aneu-768x313.jpg 768w\" sizes=\"auto, (max-width: 980px) 100vw, 980px\" \/><\/p>\n<p><strong>Publisher, Technical Operation and Support:<\/strong><br \/>\nYachtclub Forchheim 1969 e.V.<\/p>\n<p><strong>Register of Associations (District Court) and Register Number:<\/strong><br \/>\nDistrict Court Forchheim VR 48<\/p>\n<p><strong>Responsible:<\/strong><br \/>\nPresident Norbert Leimeister<br \/>\nAmselweg 3, 96148 Baunach<br \/>\nTel.: +49 (0)175-2480090 &amp; +49 (0)9544-9839530<br \/>\nURL: <a href=\"http:\/\/www.yachtclub-forchheim.de\/\">http:\/\/www.yachtclub-forchheim.de<\/a><br \/>\nE-Mail: <a href=\"mailto:info@yachtclub-forchheim.de\">info@yachtclub-forchheim.de<\/a><\/p>\n<p><strong>Copyright:<\/strong><br \/>\n\u00a9 All rights reserved. In particular, must be carried reproductions with prior written consent of the provider. By using the Web site <a href=\"http:\/\/www.yachtclub-forchheim.de\/\">www.yachtclub-forchheim.de<\/a> are they agreed to our terms. For the correctness and completeness is not guaranteed. The same applies to the content of third parties, which are made available on these pages. In no case a liability is assumed for the damages which could arise from the use of the called away information or the mailing of information.<\/p>\n<p><strong>Disclaimer:<\/strong><br \/>\nThe provided information on the website <a href=\"http:\/\/www.yachtclub-forchheim.de\/\">www.yachtclub-forchheim.de<\/a> was checked carefully and is updated regularly. However, no liability or guarantee can be assumed for the fact that all information is right any time completely, and is shown in the last actuality. This is valid in particular for all &#8220;links&#8221; to other websites to which directly or indirectly is expelled. Concerning the links the Yachtclub Forchheim e.V. 1969 expressly that he has no influence on the creation and the contents of the linked sides and does not adopt these contents.<\/p>\n<p><strong>Privacy Statement:<br \/>\n<\/strong>If you send us e-mail or news by contact form, raise in such a way, we only store your data and process, as far as is necessary for us. We treat your data according to the regulations of the data protection right and make in general the greatest possible arrangements for their security.<\/p>\n<p>&nbsp;<\/p>\n","protected":false,"raw":"<img class=\"alignnone size-full wp-image-1950\" src=\"https:\/\/yachtclub-forchheim.de\/wp-content\/uploads\/2025\/11\/topimgage7aneu.jpg\" alt=\"\" width=\"980\" height=\"400\" \/>\r\n\r\n<strong>Publisher, Technical Operation and Support:<\/strong>\r\nYachtclub Forchheim 1969 e.V.\r\n\r\n<strong>Register of Associations (District Court) and Register Number:<\/strong>\r\nDistrict Court Forchheim VR 48\r\n\r\n<strong>Responsible:<\/strong>\r\nPresident Norbert Leimeister\r\nAmselweg 3, 96148 Baunach\r\nTel.: +49 (0)175-2480090 &amp; +49 (0)9544-9839530\r\nURL: <a href=\"http:\/\/www.yachtclub-forchheim.de\/\">http:\/\/www.yachtclub-forchheim.de<\/a>\r\nE-Mail: <a href=\"mailto:info@yachtclub-forchheim.de\">info@yachtclub-forchheim.de<\/a>\r\n\r\n<strong>Copyright:<\/strong>\r\n\u00a9 All rights reserved. In particular, must be carried reproductions with prior written consent of the provider. By using the Web site <a href=\"http:\/\/www.yachtclub-forchheim.de\/\">www.yachtclub-forchheim.de<\/a> are they agreed to our terms. For the correctness and completeness is not guaranteed. The same applies to the content of third parties, which are made available on these pages. In no case a liability is assumed for the damages which could arise from the use of the called away information or the mailing of information.\r\n\r\n<strong>Disclaimer:<\/strong>\r\nThe provided information on the website <a href=\"http:\/\/www.yachtclub-forchheim.de\/\">www.yachtclub-forchheim.de<\/a> was checked carefully and is updated regularly. However, no liability or guarantee can be assumed for the fact that all information is right any time completely, and is shown in the last actuality. This is valid in particular for all \"links\" to other websites to which directly or indirectly is expelled. Concerning the links the Yachtclub Forchheim e.V. 1969 expressly that he has no influence on the creation and the contents of the linked sides and does not adopt these contents.\r\n\r\n<strong>Privacy Statement:\r\n<\/strong>If you send us e-mail or news by contact form, raise in such a way, we only store your data and process, as far as is necessary for us. We treat your data according to the regulations of the data protection right and make in general the greatest possible arrangements for their security.\r\n\r\n&nbsp;"},"excerpt":{"rendered":"","protected":false,"raw":""},"author":3,"featured_media":0,"parent":0,"menu_order":0,"comment_status":"closed","ping_status":"closed","template":"","meta":{"colormag_page_container_layout":"default_layout","colormag_page_sidebar_layout":"default_layout","_de_post_content":"<img class=\"alignnone size-full wp-image-1950\" src=\"https:\/\/yachtclub-forchheim.de\/wp-content\/uploads\/2025\/11\/topimgage7aneu.jpg\" alt=\"\" width=\"980\" height=\"400\" \/>\r\n\r\n<strong>Herausgeber, Technischer Betrieb und Betreuung:<\/strong>\r\nYachtclub Forchheim 1969 e.V.\r\n\r\n<strong> Vereinsregister (Amtsgericht) und Registernummer:<\/strong>\r\nAmtsgericht Forchheim VR 48\r\n\r\n<strong>Verantwortlich:<\/strong>\r\n1. Vorsitzender Norbert Leimeister\r\nAmselweg 3, 96148 Baunach\r\nTel.: +49 (0)175-2480090 &amp; +49 (0)9544-9839530\r\nURL: <a href=\"http:\/\/www.yachtclub-forchheim.de\/\">http:\/\/www.yachtclub-forchheim.de<\/a>\r\nE-Mail: <a href=\"mailto:info@yachtclub-forchheim.de\">info@yachtclub-forchheim.de<\/a>\r\n\r\n<strong>Urheberrecht:\r\n<\/strong>\u00a9 Alle Rechte vorbehalten. Insbesondere d\u00fcrfen Vervielf\u00e4ltigungen nur nach vorheriger schriftlicher Zustimmung des Anbieters erfolgen. Mit der Nutzung der Website <a href=\"http:\/\/www.yachtclub-forchheim.de\/\">www.yachtclub-forchheim.de<\/a> erkl\u00e4ren Sie sich mit unseren Nutzungsbedingungen einverstanden. F\u00fcr die Richtigkeit und Vollst\u00e4ndigkeit wird keine Gew\u00e4hr \u00fcbernommen. Dasselbe gilt f\u00fcr die Inhalte Dritter, die \u00fcber diese Seiten zug\u00e4nglich gemacht werden. In keinem Fall wird f\u00fcr Sch\u00e4den, die sich aus der Verwendung der abgerufenen Informationen oder dem Versenden von Informationen ergeben k\u00f6nnten, eine Haftung \u00fcbernommen.\r\n\r\n<strong>Haftungsausschluss:<\/strong>\r\nDie bereitgestellten Informationen auf der Website <a href=\"http:\/\/www.yachtclub-forchheim.de\/\">www.yachtclub-forchheim.de<\/a> wurden sorgf\u00e4ltig gepr\u00fcft und werden regelm\u00e4\u00dfig aktualisiert. Jedoch kann keine Haftung oder Garantie daf\u00fcr \u00fcbernommen werden, dass alle Angaben zu jeder Zeit vollst\u00e4ndig, richtig und in letzter Aktualit\u00e4t dargestellt sind. Dies gilt insbesondere f\u00fcr alle \"Links\" zu anderen Websites, auf die direkt oder indirekt verwiesen wird. Hinsichtlich der Links erkl\u00e4rt der Yachtclub Forchheim e.V. 1969 ausdr\u00fccklich, dass er keinerlei Einfluss auf die Gestaltung und die Inhalte der verlinkten Seiten hat und sich diese Inhalte nicht zu eigen macht.\r\n\r\n&nbsp;\r\n\r\n<span style=\"border-radius: 2px; text-indent: 20px; width: auto; padding: 0px 4px 0px 0px; text-align: center; font: bold 11px\/20px 'Helvetica Neue',Helvetica,sans-serif; color: #ffffff; background: #bd081c no-repeat scroll 3px 50% \/ 14px 14px; position: absolute; opacity: 1; z-index: 8675309; display: none; cursor: pointer;\">Merken<\/span>\r\n\r\n<span style=\"border-radius: 2px; text-indent: 20px; width: auto; padding: 0px 4px 0px 0px; text-align: center; font: bold 11px\/20px 'Helvetica Neue',Helvetica,sans-serif; color: #ffffff; background: #bd081c no-repeat scroll 3px 50% \/ 14px 14px; position: absolute; opacity: 1; z-index: 8675309; display: none; cursor: pointer;\">Merken<\/span>","_de_post_name":"impressum","_de_post_excerpt":"","_de_post_title":"Impressum","_en_post_content":"<img class=\"alignnone size-full wp-image-1950\" src=\"https:\/\/yachtclub-forchheim.de\/wp-content\/uploads\/2025\/11\/topimgage7aneu.jpg\" alt=\"\" width=\"980\" height=\"400\" \/>\r\n\r\n<strong>Publisher, Technical Operation and Support:<\/strong>\r\nYachtclub Forchheim 1969 e.V.\r\n\r\n<strong>Register of Associations (District Court) and Register Number:<\/strong>\r\nDistrict Court Forchheim VR 48\r\n\r\n<strong>Responsible:<\/strong>\r\nPresident Norbert Leimeister\r\nAmselweg 3, 96148 Baunach\r\nTel.: +49 (0)175-2480090 &amp; +49 (0)9544-9839530\r\nURL: <a href=\"http:\/\/www.yachtclub-forchheim.de\/\">http:\/\/www.yachtclub-forchheim.de<\/a>\r\nE-Mail: <a href=\"mailto:info@yachtclub-forchheim.de\">info@yachtclub-forchheim.de<\/a>\r\n\r\n<strong>Copyright:<\/strong>\r\n\u00a9 All rights reserved. In particular, must be carried reproductions with prior written consent of the provider. By using the Web site <a href=\"http:\/\/www.yachtclub-forchheim.de\/\">www.yachtclub-forchheim.de<\/a> are they agreed to our terms. For the correctness and completeness is not guaranteed. The same applies to the content of third parties, which are made available on these pages. In no case a liability is assumed for the damages which could arise from the use of the called away information or the mailing of information.\r\n\r\n<strong>Disclaimer:<\/strong>\r\nThe provided information on the website <a href=\"http:\/\/www.yachtclub-forchheim.de\/\">www.yachtclub-forchheim.de<\/a> was checked carefully and is updated regularly. However, no liability or guarantee can be assumed for the fact that all information is right any time completely, and is shown in the last actuality. This is valid in particular for all \"links\" to other websites to which directly or indirectly is expelled. Concerning the links the Yachtclub Forchheim e.V. 1969 expressly that he has no influence on the creation and the contents of the linked sides and does not adopt these contents.\r\n\r\n<strong>Privacy Statement:\r\n<\/strong>If you send us e-mail or news by contact form, raise in such a way, we only store your data and process, as far as is necessary for us. We treat your data according to the regulations of the data protection right and make in general the greatest possible arrangements for their security.\r\n\r\n&nbsp;","_en_post_name":"impressum","_en_post_excerpt":"","_en_post_title":"Imprint","edit_language":"en","footnotes":""},"class_list":["post-29","page","type-page","status-publish","hentry"],"_links":{"self":[{"href":"https:\/\/yachtclub-forchheim.de\/en\/wp-json\/wp\/v2\/pages\/29","targetHints":{"allow":["GET"]}}],"collection":[{"href":"https:\/\/yachtclub-forchheim.de\/en\/wp-json\/wp\/v2\/pages"}],"about":[{"href":"https:\/\/yachtclub-forchheim.de\/en\/wp-json\/wp\/v2\/types\/page"}],"author":[{"embeddable":true,"href":"https:\/\/yachtclub-forchheim.de\/en\/wp-json\/wp\/v2\/users\/3"}],"replies":[{"embeddable":true,"href":"https:\/\/yachtclub-forchheim.de\/en\/wp-json\/wp\/v2\/comments?post=29"}],"version-history":[{"count":18,"href":"https:\/\/yachtclub-forchheim.de\/en\/wp-json\/wp\/v2\/pages\/29\/revisions"}],"predecessor-version":[{"id":1951,"href":"https:\/\/yachtclub-forchheim.de\/en\/wp-json\/wp\/v2\/pages\/29\/revisions\/1951"}],"wp:attachment":[{"href":"https:\/\/yachtclub-forchheim.de\/en\/wp-json\/wp\/v2\/media?parent=29"}],"curies":[{"name":"wp","href":"https:\/\/api.w.org\/{rel}","templated":true}]}}