{"id":21,"date":"2016-11-05T14:25:41","date_gmt":"2016-11-05T13:25:41","guid":{"rendered":"http:\/\/yachtclub-forchheim.de\/?page_id=21"},"modified":"2025-11-02T15:42:41","modified_gmt":"2025-11-02T14:42:41","slug":"ueber-uns","status":"publish","type":"page","link":"https:\/\/yachtclub-forchheim.de\/en\/ueber-uns\/","title":{"rendered":"","raw":""},"content":{"rendered":"","protected":false,"raw":""},"excerpt":{"rendered":"","protected":false,"raw":""},"author":3,"featured_media":0,"parent":0,"menu_order":0,"comment_status":"closed","ping_status":"closed","template":"","meta":{"colormag_page_container_layout":"default_layout","colormag_page_sidebar_layout":"default_layout","_de_post_content":"<img class=\"alignnone size-full wp-image-1922\" src=\"https:\/\/yachtclub-forchheim.de\/wp-content\/uploads\/2025\/11\/topimgage2cneu.jpg\" alt=\"\" width=\"980\" height=\"400\" \/>\r\n\r\nUnser gem\u00fctlich eingerichteter Vereinspavillon mit \u00fcberdachter Terrasse und einem stets gut sortieren, gek\u00fchlten Getr\u00e4nkeangebot ist Mittelpunkt und Treffpunkt f\u00fcr Mitglieder, Saisong\u00e4ste und durchreisende Skipper und l\u00e4dt zum Verweilen ein.\r\n\r\nEine flache Slipstelle, der vereinseigene Traktor, ein Hebekran bis 4 to sowie ein Hochdruckreiniger und eine bis hin zum Schwei\u00dfger\u00e4t gut ausgestattete Werkstatt z\u00e4hlen ebenso zu unserer Ausstattung wie ein eigenes Festzelt. Ebenso bieten wir Ihnen Sommer- und Winterlager-Stellpl\u00e4tze f\u00fcr Boote sowie eine M\u00fcllentsorgung f\u00fcr Wertstoffe und Restm\u00fcll f\u00fcr unsere durchreisenden G\u00e4ste an. Unterst\u00fctzung bei der Treibstoffbeschaffung ist auf Anfrage gegen Geb\u00fchr m\u00f6glich.\r\n\r\nBereits zum <strong>30. Mal wurde unserem Yachtclub im Jahre 2025 die \"Blaue Europaflagge\"<\/strong>\u00a0f\u00fcr vorbildliches Umweltengagement verliehen und wir sind stolz auf unsere Mitglieder, den Platzwart und unseren Umweltbeauftragten, welche hier mit gro\u00dfem Engagement einen sehr gro\u00dfen Beitrag leisten.\r\n\r\nUnser mobiler Bootsservice \u2013 <strong>HT Marineservice<\/strong> (<a href=\"https:\/\/www.ht-motors.de\" target=\"_blank\" rel=\"noopener\">ht-motors.de<\/a>) hilft mit einem umfangreichen Serviceangebot gerne fachm\u00e4nnisch und kompetent bei allen Themen rund um den Wassersport und kommt auf Wunsch auch zeitnah vor Ort.\r\n\r\nUnser Yachtclub liegt in unmittelbarer N\u00e4he des Stadtkerns von Forchheim. Zahlreiche Restaurants, fr\u00e4nkische Wirtschaften, ebenso eine Norma, B\u00e4ckerei, Metzgerei, Lotto, Tabakwaren und Zeitschriften, eine Sparkasse, Apotheke und Tankstelle sowie verschiedene \u00c4rzte und Massagepraxen sind in nur wenigen Minuten gut zu Fu\u00df zu erreichen.\r\n\r\nEin kleiner Spaziergang auf unsere fr\u00e4nkischen Bierkeller am Kellerwald (ca. 20 Min) oder ein Besuch des allj\u00e4hrlich Ende Juli stattfindenden Annafestes sowie die malerische und geschichtstr\u00e4chtige Altstadt mit ihrem wundervollen historischen Stadtkern sind immer eine Reise nach Forchheim wert.\r\n\r\n<strong><em>Forchheim \u2013 jedes Eckla liebenswert fr\u00e4nkisch <\/em><\/strong>\r\n\r\nNutzen Sie gerne f\u00fcr Ihre Planung <a href=\"https:\/\/www.forchheim-erleben.de\" target=\"_blank\" rel=\"noopener\">forchheim-erleben.de<\/a> oder die Touristikinformation Fr\u00e4nkische Schweiz unter <a href=\"https:\/\/www.fraenkische-schweiz.com\" target=\"_blank\" rel=\"noopener\">fraenkische-schweiz.com<\/a>. Gerne stehen auch wir Ihnen vor Ort in unserem Yachtclub f\u00fcr kleine Tipps und Empfehlungen zur Verf\u00fcgung\r\n\r\nWir w\u00fcnschen Ihnen und Ihrer Crew immer eine Hand breit Wasser unter dem Kiel und w\u00fcrden uns sehr freuen, Sie einmal hier bei uns in Forchheim begr\u00fc\u00dfen zu d\u00fcrfen.\r\n\r\n&nbsp;\r\n\r\n<span style=\"border-radius: 2px; text-indent: 20px; width: auto; padding: 0px 4px 0px 0px; text-align: center; font: bold 11px\/20px 'Helvetica Neue',Helvetica,sans-serif; color: #ffffff; background: #bd081c no-repeat scroll 3px 50% \/ 14px 14px; position: absolute; opacity: 1; z-index: 8675309; display: none; cursor: pointer;\">Merken<\/span>","_de_post_name":"ueber-uns","_de_post_excerpt":"","_de_post_title":"\u00dcber uns","_en_post_content":"","_en_post_name":"ueber-uns","_en_post_excerpt":"","_en_post_title":"","edit_language":"en","footnotes":""},"class_list":["post-21","page","type-page","status-publish","hentry"],"_links":{"self":[{"href":"https:\/\/yachtclub-forchheim.de\/en\/wp-json\/wp\/v2\/pages\/21","targetHints":{"allow":["GET"]}}],"collection":[{"href":"https:\/\/yachtclub-forchheim.de\/en\/wp-json\/wp\/v2\/pages"}],"about":[{"href":"https:\/\/yachtclub-forchheim.de\/en\/wp-json\/wp\/v2\/types\/page"}],"author":[{"embeddable":true,"href":"https:\/\/yachtclub-forchheim.de\/en\/wp-json\/wp\/v2\/users\/3"}],"replies":[{"embeddable":true,"href":"https:\/\/yachtclub-forchheim.de\/en\/wp-json\/wp\/v2\/comments?post=21"}],"version-history":[{"count":28,"href":"https:\/\/yachtclub-forchheim.de\/en\/wp-json\/wp\/v2\/pages\/21\/revisions"}],"predecessor-version":[{"id":1939,"href":"https:\/\/yachtclub-forchheim.de\/en\/wp-json\/wp\/v2\/pages\/21\/revisions\/1939"}],"wp:attachment":[{"href":"https:\/\/yachtclub-forchheim.de\/en\/wp-json\/wp\/v2\/media?parent=21"}],"curies":[{"name":"wp","href":"https:\/\/api.w.org\/{rel}","templated":true}]}}